{"id":3921,"date":"2020-06-08T13:58:48","date_gmt":"2020-06-08T13:58:48","guid":{"rendered":"https:\/\/lamarconsulting.es\/politica-de-cookies\/"},"modified":"2020-06-19T08:05:44","modified_gmt":"2020-06-19T08:05:44","slug":"politica-de-cookies","status":"publish","type":"page","link":"https:\/\/lamarconsulting.es\/ru\/politica-de-cookies\/","title":{"rendered":"\u041f\u043e\u043b\u0438\u0442\u0438\u043a\u0430 cookie"},"content":{"rendered":"<p>[et_pb_section fb_built=&#187;1&#8243; admin_label=&#187;Features&#187; _builder_version=&#187;3.22&#8243; custom_padding=&#187;54px|0px|80px|0px|false|false&#187;][et_pb_row column_structure=&#187;1_3,1_3,1_3&#8243; use_custom_gutter=&#187;on&#187; gutter_width=&#187;2&#8243; _builder_version=&#187;3.25&#8243; max_width=&#187;1280px&#187; use_custom_width=&#187;on&#187; custom_width_px=&#187;1280px&#187;][et_pb_column type=&#187;1_3&#8243; _builder_version=&#187;3.0.47&#8243; custom_padding=&#187;|||&#187; custom_padding__hover=&#187;|||&#187;][et_pb_blurb title=&#187;Gestor\u00eda &#038; Asesor\u00eda&#187; image=&#187;https:\/\/lamarconsulting.es\/wp-content\/uploads\/2020\/06\/ico-asesoria.jpg&#187; icon_placement=&#187;left&#187; image_max_width=&#187;100px&#187; content_max_width=&#187;1100px&#187; image_max_width_tablet=&#187;&#187; image_max_width_phone=&#187;50px&#187; image_max_width_last_edited=&#187;on|phone&#187; _builder_version=&#187;4.4.8&#8243; header_font=&#187;|600|||||||&#187; header_font_size=&#187;18px&#187; header_line_height=&#187;1.6em&#187; body_font=&#187;||||||||&#187; body_font_size=&#187;15px&#187; body_line_height=&#187;2em&#187; custom_padding=&#187;|||24px&#187; custom_padding_tablet=&#187;&#187; custom_padding_phone=&#187;|||4px&#187; custom_padding_last_edited=&#187;on|phone&#187; animation_style=&#187;fold&#187; animation_direction=&#187;left&#187; animation_intensity_fold=&#187;10%&#187; animation=&#187;off&#187; header_font_size_tablet=&#187;&#187; header_font_size_phone=&#187;15px&#187; header_font_size_last_edited=&#187;on|phone&#187; body_line_height_tablet=&#187;&#187; body_line_height_phone=&#187;1.6em&#187; body_line_height_last_edited=&#187;on|phone&#187; border_color_all=&#187;rgba(0,0,0,0.18)&#187; border_style_all=&#187;dotted&#187; border_width_left=&#187;2px&#187;]<\/p>\n<p>Tramitaci\u00f3n y gesti\u00f3n de todo tipo de documentos<\/p>\n<p>[\/et_pb_blurb][\/et_pb_column][et_pb_column type=&#187;1_3&#8243; _builder_version=&#187;3.0.47&#8243; custom_padding=&#187;|||&#187; custom_padding__hover=&#187;|||&#187;][et_pb_blurb title=&#187;Seguros GENERALLI&#187; image=&#187;https:\/\/lamarconsulting.es\/wp-content\/uploads\/2020\/06\/ico-seguros-1.jpg&#187; icon_placement=&#187;left&#187; image_max_width=&#187;100px&#187; content_max_width=&#187;1100px&#187; image_max_width_tablet=&#187;&#187; image_max_width_phone=&#187;50px&#187; image_max_width_last_edited=&#187;on|phone&#187; _builder_version=&#187;4.4.8&#8243; header_font=&#187;|600|||||||&#187; header_font_size=&#187;18px&#187; header_line_height=&#187;1.6em&#187; body_font=&#187;||||||||&#187; body_font_size=&#187;15px&#187; body_line_height=&#187;2em&#187; custom_padding=&#187;|||24px&#187; custom_padding_tablet=&#187;&#187; custom_padding_phone=&#187;|||4px&#187; custom_padding_last_edited=&#187;on|phone&#187; animation_style=&#187;fold&#187; animation_direction=&#187;left&#187; animation_intensity_fold=&#187;10%&#187; animation=&#187;off&#187; header_font_size_tablet=&#187;&#187; header_font_size_phone=&#187;15px&#187; header_font_size_last_edited=&#187;on|phone&#187; body_line_height_tablet=&#187;&#187; body_line_height_phone=&#187;1.6em&#187; body_line_height_last_edited=&#187;on|phone&#187; border_color_all=&#187;rgba(0,0,0,0.18)&#187; border_style_all=&#187;dotted&#187; border_width_left=&#187;2px&#187; locked=&#187;off&#187;]<\/p>\n<p>Una amplia cartera de seguros con las mejores coberturas<\/p>\n<p>[\/et_pb_blurb][\/et_pb_column][et_pb_column type=&#187;1_3&#8243; _builder_version=&#187;3.0.47&#8243; custom_padding=&#187;|||&#187; custom_padding__hover=&#187;|||&#187;][et_pb_blurb title=&#187;Traducci\u00f3n&#187; image=&#187;https:\/\/lamarconsulting.es\/wp-content\/uploads\/2020\/06\/ico-traduccion-1.jpg&#187; icon_placement=&#187;left&#187; image_max_width=&#187;100px&#187; content_max_width=&#187;1100px&#187; image_max_width_tablet=&#187;&#187; image_max_width_phone=&#187;50px&#187; image_max_width_last_edited=&#187;on|phone&#187; _builder_version=&#187;4.4.8&#8243; header_font=&#187;|600|||||||&#187; header_font_size=&#187;18px&#187; header_line_height=&#187;1.6em&#187; body_font=&#187;||||||||&#187; body_font_size=&#187;15px&#187; body_line_height=&#187;2em&#187; custom_padding=&#187;|||24px&#187; custom_padding_tablet=&#187;&#187; custom_padding_phone=&#187;|||4px&#187; custom_padding_last_edited=&#187;on|phone&#187; animation_style=&#187;fold&#187; animation_direction=&#187;left&#187; animation_intensity_fold=&#187;10%&#187; animation=&#187;off&#187; header_font_size_tablet=&#187;&#187; header_font_size_phone=&#187;15px&#187; header_font_size_last_edited=&#187;on|phone&#187; body_line_height_tablet=&#187;&#187; body_line_height_phone=&#187;1.6em&#187; body_line_height_last_edited=&#187;on|phone&#187; border_color_all=&#187;rgba(0,0,0,0.18)&#187; border_style_all=&#187;dotted&#187; border_width_left=&#187;2px&#187; locked=&#187;off&#187;]<\/p>\n<p>Servicio de traducci\u00f3n en interpretaci\u00f3n profesional<\/p>\n<p>[\/et_pb_blurb][\/et_pb_column][\/et_pb_row][\/et_pb_section][et_pb_section fb_built=&#187;1&#8243; custom_padding_last_edited=&#187;on|phone&#187; admin_label=&#187;Header&#187; _builder_version=&#187;4.4.8&#8243; background_position=&#187;bottom_center&#187; vertical_offset_tablet=&#187;0&#8243; horizontal_offset_tablet=&#187;0&#8243; custom_padding=&#187;3px||3px||true|false&#187; custom_padding_tablet=&#187;140px|0px|50px|0px|false|false&#187; custom_padding_phone=&#187;120px|||&#187; z_index_tablet=&#187;0&#8243; box_shadow_horizontal_tablet=&#187;0px&#187; box_shadow_vertical_tablet=&#187;0px&#187; box_shadow_blur_tablet=&#187;40px&#187; box_shadow_spread_tablet=&#187;0px&#187;][et_pb_row _builder_version=&#187;4.4.8&#8243; background_size=&#187;initial&#187; background_position=&#187;top_left&#187; background_repeat=&#187;repeat&#187; vertical_offset_tablet=&#187;0&#8243; horizontal_offset_tablet=&#187;0&#8243; max_width=&#187;1280px&#187; z_index_tablet=&#187;0&#8243; box_shadow_horizontal_tablet=&#187;0px&#187; box_shadow_vertical_tablet=&#187;0px&#187; box_shadow_blur_tablet=&#187;40px&#187; box_shadow_spread_tablet=&#187;0px&#187; use_custom_width=&#187;on&#187; custom_width_px=&#187;1280px&#187;][et_pb_column type=&#187;4_4&#8243; _builder_version=&#187;3.0.47&#8243; vertical_offset_tablet=&#187;0&#8243; vertical_offset_phone=&#187;0&#8243; horizontal_offset_tablet=&#187;0&#8243; horizontal_offset_phone=&#187;0&#8243; custom_padding=&#187;|||&#187; custom_padding_tablet=&#187;|||&#187; custom_padding_phone=&#187;|||&#187; background_color_gradient_direction_tablet=&#187;180deg&#187; background_color_gradient_direction_phone=&#187;180deg&#187; background_color_gradient_start_position_tablet=&#187;0%&#187; background_color_gradient_start_position_phone=&#187;0%&#187; background_color_gradient_end_position_tablet=&#187;100%&#187; background_color_gradient_end_position_phone=&#187;100%&#187; z_index_tablet=&#187;2&#8243; z_index_phone=&#187;2&#8243; filter_hue_rotate_tablet=&#187;0deg&#187; filter_hue_rotate_phone=&#187;0deg&#187; filter_saturate_tablet=&#187;100%&#187; filter_saturate_phone=&#187;100%&#187; filter_brightness_tablet=&#187;100%&#187; filter_brightness_phone=&#187;100%&#187; filter_contrast_tablet=&#187;100%&#187; filter_contrast_phone=&#187;100%&#187; filter_invert_tablet=&#187;0%&#187; filter_invert_phone=&#187;0%&#187; filter_sepia_tablet=&#187;0%&#187; filter_sepia_phone=&#187;0%&#187; filter_opacity_tablet=&#187;100%&#187; filter_opacity_phone=&#187;100%&#187; filter_blur_tablet=&#187;0px&#187; filter_blur_phone=&#187;0px&#187; animation_duration_tablet=&#187;1000ms&#187; animation_duration_phone=&#187;1000ms&#187; animation_delay_tablet=&#187;0ms&#187; animation_delay_phone=&#187;0ms&#187; animation_intensity_slide_tablet=&#187;50%&#187; animation_intensity_slide_phone=&#187;50%&#187; animation_intensity_zoom_tablet=&#187;50%&#187; animation_intensity_zoom_phone=&#187;50%&#187; animation_intensity_flip_tablet=&#187;50%&#187; animation_intensity_flip_phone=&#187;50%&#187; animation_intensity_fold_tablet=&#187;50%&#187; animation_intensity_fold_phone=&#187;50%&#187; animation_intensity_roll_tablet=&#187;50%&#187; animation_intensity_roll_phone=&#187;50%&#187; animation_starting_opacity_tablet=&#187;0%&#187; animation_starting_opacity_phone=&#187;0%&#187; hover_transition_duration_tablet=&#187;300ms&#187; hover_transition_duration_phone=&#187;300ms&#187; hover_transition_delay_tablet=&#187;0ms&#187; hover_transition_delay_phone=&#187;0ms&#187; box_shadow_horizontal_tablet=&#187;0px&#187; box_shadow_horizontal_phone=&#187;0px&#187; box_shadow_vertical_tablet=&#187;0px&#187; box_shadow_vertical_phone=&#187;0px&#187; box_shadow_blur_tablet=&#187;40px&#187; box_shadow_blur_phone=&#187;40px&#187; box_shadow_spread_tablet=&#187;0px&#187; box_shadow_spread_phone=&#187;0px&#187; disabled=&#187;%91object HTMLInputElement%93&#8243; custom_padding__hover=&#187;|||&#187;][et_pb_text _builder_version=&#187;4.4.8&#8243; text_line_height=&#187;2em&#187; header_font=&#187;||||||||&#187; header_text_align=&#187;left&#187; header_font_size=&#187;50px&#187; header_line_height=&#187;1.3em&#187; vertical_offset_tablet=&#187;0&#8243; horizontal_offset_tablet=&#187;0&#8243; text_orientation=&#187;center&#187; module_alignment=&#187;center&#187; text_font_size_tablet=&#187;&#187; text_font_size_phone=&#187;&#187; text_font_size_last_edited=&#187;on|desktop&#187; text_line_height_tablet=&#187;&#187; text_line_height_phone=&#187;1.6em&#187; text_line_height_last_edited=&#187;on|phone&#187; header_font_size_tablet=&#187;50px&#187; header_font_size_phone=&#187;32px&#187; header_font_size_last_edited=&#187;on|phone&#187; z_index_tablet=&#187;0&#8243; text_text_shadow_horizontal_length_tablet=&#187;0px&#187; text_text_shadow_vertical_length_tablet=&#187;0px&#187; text_text_shadow_blur_strength_tablet=&#187;1px&#187; link_text_shadow_horizontal_length_tablet=&#187;0px&#187; link_text_shadow_vertical_length_tablet=&#187;0px&#187; link_text_shadow_blur_strength_tablet=&#187;1px&#187; ul_text_shadow_horizontal_length_tablet=&#187;0px&#187; ul_text_shadow_vertical_length_tablet=&#187;0px&#187; ul_text_shadow_blur_strength_tablet=&#187;1px&#187; ol_text_shadow_horizontal_length_tablet=&#187;0px&#187; ol_text_shadow_vertical_length_tablet=&#187;0px&#187; ol_text_shadow_blur_strength_tablet=&#187;1px&#187; quote_text_shadow_horizontal_length_tablet=&#187;0px&#187; quote_text_shadow_vertical_length_tablet=&#187;0px&#187; quote_text_shadow_blur_strength_tablet=&#187;1px&#187; header_text_shadow_horizontal_length_tablet=&#187;0px&#187; header_text_shadow_vertical_length_tablet=&#187;0px&#187; header_text_shadow_blur_strength_tablet=&#187;1px&#187; header_2_text_shadow_horizontal_length_tablet=&#187;0px&#187; header_2_text_shadow_vertical_length_tablet=&#187;0px&#187; header_2_text_shadow_blur_strength_tablet=&#187;1px&#187; header_3_text_shadow_horizontal_length_tablet=&#187;0px&#187; header_3_text_shadow_vertical_length_tablet=&#187;0px&#187; header_3_text_shadow_blur_strength_tablet=&#187;1px&#187; header_4_text_shadow_horizontal_length_tablet=&#187;0px&#187; header_4_text_shadow_vertical_length_tablet=&#187;0px&#187; header_4_text_shadow_blur_strength_tablet=&#187;1px&#187; header_5_text_shadow_horizontal_length_tablet=&#187;0px&#187; header_5_text_shadow_vertical_length_tablet=&#187;0px&#187; header_5_text_shadow_blur_strength_tablet=&#187;1px&#187; header_6_text_shadow_horizontal_length_tablet=&#187;0px&#187; header_6_text_shadow_vertical_length_tablet=&#187;0px&#187; header_6_text_shadow_blur_strength_tablet=&#187;1px&#187; box_shadow_horizontal_tablet=&#187;0px&#187; box_shadow_vertical_tablet=&#187;0px&#187; box_shadow_blur_tablet=&#187;40px&#187; box_shadow_spread_tablet=&#187;0px&#187;]<\/p>\n<h1>POL\u00cdTICA DE COOKIES<\/h1>\n<p style=\"text-align: justify;\"><strong>Informaci\u00f3n de Cookies<\/strong><br \/> Las cookies son archivos que se pueden descargar en su equipo a trav\u00e9s de las p\u00e1ginas web. Son herramientas que tienen un papel esencial para la prestaci\u00f3n de numerosos servicios de la sociedad de la informaci\u00f3n. Entre otros, permiten a una p\u00e1gina web almacenar y recuperar informaci\u00f3n sobre los h\u00e1bitos de navegaci\u00f3n de un usuario o de su equipo y, dependiendo de la informaci\u00f3n obtenida, se pueden utilizar para reconocer al usuario y mejorar el servicio ofrecido.<\/p>\n<p style=\"text-align: justify;\"><strong>Estad\u00edsticas del sitio de Google<\/strong><br \/> Seg\u00fan quien sea la entidad que gestione el dominio desde donde se env\u00edan las cookies y trate los datos que se obtengan se pueden distinguir dos tipos: cookies propias y cookies de terceros. Existe tambi\u00e9n una segunda clasificaci\u00f3n seg\u00fan el plazo de tiempo que permanecen almacenadas en el navegador del cliente, pudiendo tratarse de cookies de sesi\u00f3n o cookies persistentes. Por \u00faltimo, existe otra clasificaci\u00f3n con cinco tipos de cookies seg\u00fan la finalidad para la que se traten los datos obtenidos: cookies t\u00e9cnicas, cookies de personalizaci\u00f3n, cookies de an\u00e1lisis, cookies publicitarias y cookies de publicidad comportamental.<\/p>\n<p style=\"text-align: justify;\"><strong>Cookies utilizadas en la Web<\/strong><br \/> A continuaci\u00f3n se identifican las cookies que est\u00e1n siendo utilizadas en este portal as\u00ed como su tipolog\u00eda y funci\u00f3n:<\/p>\n<ul>\n<li style=\"text-align: justify;\">Una cookie propia de tipo t\u00e9cnico denominada PHPSESSID necesaria para la correcta navegaci\u00f3n por las p\u00e1ginas web.<\/li>\n<li style=\"text-align: justify;\">Cookies de Google Analytics, un servicio de anal\u00edtica web desarrollada por Google, que permite la medici\u00f3n y an\u00e1lisis de la navegaci\u00f3n en las p\u00e1ginas web. En su navegador podr\u00e1 observar 4 cookies de este servicio. Seg\u00fan la tipolog\u00eda anterior se trata de cookies propias, de sesi\u00f3n y de an\u00e1lisis. <br \/>Puede encontrar m\u00e1s informaci\u00f3n al respecto e inhabilitar el uso de estas cookies en: <a href=\"http:\/\/www.google.es\/intl\/es_ALL\/analytics\/learn\/privacy.html\">http:\/\/www.google.es\/intl\/es_ALL\/analytics\/learn\/privacy.html<\/a> A trav\u00e9s de la anal\u00edtica web no se obtiene informaci\u00f3n sobre sus datos personales garantizando la tutela de la privacidad de las personas que navegan por la web. La informaci\u00f3n que se obtiene es la relativa al n\u00famero de usuarios que acceden a la web, el n\u00famero de p\u00e1ginas vistas, la frecuencia y repetici\u00f3n de las visitas, su duraci\u00f3n, el navegador utilizado, el operador que presta el servicio, el idioma, el terminal que utiliza, o la ciudad a la que est\u00e1 asignada su direcci\u00f3n IP. Informaci\u00f3n que posibilita un mejor y m\u00e1s apropiado servicio por parte de este portal.<\/li>\n<\/ul>\n<p style=\"text-align: justify;\"><strong>Como modificar la configuraci\u00f3n de las cookies<\/strong><br \/> Usted puede restringir, bloquear o borrar las cookies de este sitio o cualquier otra p\u00e1gina web, utilizando su navegador. En cada navegador la operativa diferente, la funci\u00f3n de Ayuda le mostrar\u00e1 c\u00f3mo hacerlo.<\/p>\n<p style=\"text-align: justify;\"><a href=\"http:\/\/windows.microsoft.com\/es-xl\/internet-explorer\/delete-manage-cookies#ie=ie-10\">Internet Explorer<\/a><br \/> <a href=\"https:\/\/support.mozilla.org\/es\/kb\/Borrar%20cookies\">Firefox<\/a><br \/> <a href=\"https:\/\/support.google.com\/chrome\/answer\/95647?hl=es\">Google Chrome<\/a><br \/> <a href=\"https:\/\/www.youtube.com\/watch?v=gdfxTPW8eOo\">Configurar Google Chrome (Video)<\/a><\/p>\n<p>[\/et_pb_text][\/et_pb_column][\/et_pb_row][\/et_pb_section][et_pb_section fb_built=&#187;1&#8243; prev_background_color=&#187;#ffffff&#187; admin_label=&#187;Contact&#187; _builder_version=&#187;4.4.8&#8243; background_color=&#187;#34a7a3&#8243; background_enable_image=&#187;off&#187; background_size=&#187;initial&#187; vertical_offset_tablet=&#187;0&#8243; horizontal_offset_tablet=&#187;0&#8243; custom_padding=&#187;138px|0px|32px|0px|false|false&#187; top_divider_style=&#187;waves2&#8243; z_index_tablet=&#187;0&#8243; box_shadow_horizontal_tablet=&#187;0px&#187; box_shadow_vertical_tablet=&#187;0px&#187; box_shadow_blur_tablet=&#187;40px&#187; box_shadow_spread_tablet=&#187;0px&#187;][et_pb_row _builder_version=&#187;3.25&#8243;][et_pb_column type=&#187;4_4&#8243; _builder_version=&#187;3.9&#8243; custom_padding=&#187;|||&#187; custom_padding__hover=&#187;|||&#187;][et_pb_text _builder_version=&#187;4.4.8&#8243; text_font=&#187;Montserrat|300|||||||&#187; text_font_size=&#187;16px&#187; text_line_height=&#187;2em&#187; header_font=&#187;||||||||&#187; header_2_font=&#187;||||||||&#187; header_2_font_size=&#187;43px&#187; header_2_line_height=&#187;1.4em&#187; background_layout=&#187;dark&#187; header_2_font_size_tablet=&#187;30px&#187; header_2_font_size_phone=&#187;24px&#187; header_2_font_size_last_edited=&#187;on|phone&#187; locked=&#187;off&#187;]<\/p>\n<h2 style=\"text-align: center;\">Seguros &amp; Asesor\u00eda &amp; Gestor\u00eda &amp; Traducciones<\/h2>\n<p>[\/et_pb_text][\/et_pb_column][\/et_pb_row][\/et_pb_section][et_pb_section fb_built=&#187;1&#8243; prev_background_color=&#187;#34a7a3&#8243; admin_label=&#187;Pie para SEO&#187; _builder_version=&#187;4.4.8&#8243; background_enable_color=&#187;off&#187; use_background_color_gradient=&#187;on&#187; background_color_gradient_start=&#187;#ebecec&#187; background_color_gradient_end=&#187;#eaeff2&#8243; background_color_gradient_direction=&#187;62deg&#187; background_enable_image=&#187;off&#187; background_blend=&#187;soft-light&#187; vertical_offset_tablet=&#187;0&#8243; horizontal_offset_tablet=&#187;0&#8243; custom_margin=&#187;|||&#187; custom_padding=&#187;120px||50px||false|false&#187; top_divider_style=&#187;wave2&#8243; bottom_divider_height=&#187;150px&#187; z_index_tablet=&#187;0&#8243; box_shadow_horizontal_tablet=&#187;0px&#187; box_shadow_vertical_tablet=&#187;0px&#187; box_shadow_blur_tablet=&#187;40px&#187; box_shadow_spread_tablet=&#187;0px&#187;][et_pb_row column_structure=&#187;1_4,1_4,1_4,1_4&#8243; _builder_version=&#187;4.4.0&#8243; background_size=&#187;initial&#187; background_position=&#187;top_left&#187; background_repeat=&#187;repeat&#187; width=&#187;95%&#187; custom_margin=&#187;||0px||false|false&#187; custom_padding=&#187;||||false|false&#187;][et_pb_column type=&#187;1_4&#8243; _builder_version=&#187;3.25&#8243; custom_padding=&#187;|||&#187; custom_padding__hover=&#187;|||&#187;][et_pb_text _builder_version=&#187;4.4.8&#8243; text_text_color=&#187;#ff4c01&#8243; header_4_font=&#187;||||||||&#187; header_4_text_color=&#187;#569397&#8243; header_4_font_size=&#187;20px&#187; custom_margin=&#187;||0px||false|false&#187; custom_padding=&#187;||0px||false|false&#187;]<\/p>\n<h4>Seguros Generali<\/h4>\n<p>[\/et_pb_text][et_pb_text _builder_version=&#187;4.4.8&#8243; text_text_color=&#187;#828282&#8243;]<\/p>\n<p style=\"text-align: justify;\">Agencia exclusiva de Generalli Seguros, S.A.\u00a0Agente Colegiada.<br \/> Le ofrecemos una amplia gama de seguros con las mejores coberturas.<\/p>\n<ul>\n<li style=\"text-align: justify;\">Seguros de coche, moto, hogar, vida, accidentes, decesos, salud, dental&#8230;.<\/li>\n<li style=\"text-align: justify;\">Planes de pensiones y ahorro<\/li>\n<\/ul>\n<p>[\/et_pb_text][\/et_pb_column][et_pb_column type=&#187;1_4&#8243; _builder_version=&#187;3.25&#8243; custom_padding=&#187;|||&#187; custom_padding__hover=&#187;|||&#187;][et_pb_text _builder_version=&#187;4.4.8&#8243; text_text_color=&#187;#ff4c01&#8243; header_4_font=&#187;||||||||&#187; header_4_text_color=&#187;#569397&#8243; header_4_font_size=&#187;20px&#187; custom_margin=&#187;||0px||false|false&#187; custom_padding=&#187;||0px||false|false&#187;]<\/p>\n<h4>Servicio de Asesor\u00eda<\/h4>\n<p>[\/et_pb_text][et_pb_text _builder_version=&#187;4.4.8&#8243; text_text_color=&#187;#828282&#8243;]<\/p>\n<p style=\"text-align: justify;\">En LaMarConsulting le ofrecemos nuestros servicios de gestor\u00eda para facilitar y agilizar los problemas de tramitaci\u00f3n de cualquier tipo de documento.<\/p>\n<ul>\n<li>Tr\u00e1mites de veh\u00edculos<\/li>\n<li>Intervenciones con la administraci\u00f3n p\u00fablica<\/li>\n<li>Operaciones financieras<\/li>\n<\/ul>\n<p>[\/et_pb_text][\/et_pb_column][et_pb_column type=&#187;1_4&#8243; _builder_version=&#187;4.4.0&#8243; custom_padding=&#187;|||&#187; custom_padding__hover=&#187;|||&#187;][et_pb_text _builder_version=&#187;4.4.8&#8243; text_text_color=&#187;#ff4c01&#8243; header_4_font=&#187;||||||||&#187; header_4_text_color=&#187;#569397&#8243; header_4_font_size=&#187;20px&#187; custom_margin=&#187;||0px||false|false&#187; custom_padding=&#187;||0px||false|false&#187;]<\/p>\n<h4>Servicio de traducci\u00f3n<\/h4>\n<p>[\/et_pb_text][et_pb_text _builder_version=&#187;4.4.8&#8243; text_text_color=&#187;#828282&#8243;]<\/p>\n<p style=\"text-align: justify;\">Traducci\u00f3n\u00a0 para empresas y particulares.<br \/> Textos literarios, especializados, t\u00e9cnicos, m\u00e9dicos, escrituras, documentos, libros, ensayos, gu\u00edas tur\u00edsticas, p\u00e1ginas web y folletos publicitarios.<br \/> M\u00e1s de 10 a\u00f1os de experiencia y estudios superiores en filolog\u00eda<\/p>\n<p>[\/et_pb_text][\/et_pb_column][et_pb_column type=&#187;1_4&#8243; _builder_version=&#187;4.4.0&#8243; custom_padding=&#187;||||false|false&#187; custom_padding__hover=&#187;|||&#187;][et_pb_blurb title=&#187;Email&#187; use_icon=&#187;on&#187; font_icon=&#187;%%238%%&#187; icon_color=&#187;#569397&#8243; icon_placement=&#187;left&#187; use_icon_font_size=&#187;on&#187; icon_font_size=&#187;16px&#187; _builder_version=&#187;4.4.8&#8243; body_font_size=&#187;13px&#187; custom_margin=&#187;||||false|false&#187; custom_padding=&#187;||||false|false&#187; custom_css_blurb_image=&#187;width:18px;&#187;]<\/p>\n<p><a href=\"mailto:info@lamarconsulting.es\">info@lamarconsulting.es<\/a><\/p>\n<p>[\/et_pb_blurb][et_pb_blurb title=&#187;Tel\u00e9fono&#187; use_icon=&#187;on&#187; font_icon=&#187;%%264%%&#187; icon_color=&#187;#569397&#8243; icon_placement=&#187;left&#187; use_icon_font_size=&#187;on&#187; icon_font_size=&#187;16px&#187; _builder_version=&#187;4.4.8&#8243; custom_css_blurb_image=&#187;width:18px;&#187;]<\/p>\n<p>+34 617 898 674<\/p>\n<p>[\/et_pb_blurb][et_pb_blurb title=&#187;Direcci\u00f3n&#187; use_icon=&#187;on&#187; font_icon=&#187;%%249%%&#187; icon_color=&#187;#569397&#8243; icon_placement=&#187;left&#187; use_icon_font_size=&#187;on&#187; icon_font_size=&#187;16px&#187; _builder_version=&#187;4.4.8&#8243; custom_css_blurb_image=&#187;width:18px;&#187;]<\/p>\n<p>03700 D\u00e9nia, <br \/> Alicante<\/p>\n<p>[\/et_pb_blurb][\/et_pb_column][\/et_pb_row][\/et_pb_section]<\/p>\n","protected":false},"excerpt":{"rendered":"<p>[et_pb_section fb_built=&#187;1&#8243; admin_label=&#187;Features&#187; _builder_version=&#187;3.22&#8243; custom_padding=&#187;54px|0px|80px|0px|false|false&#187;][et_pb_row column_structure=&#187;1_3,1_3,1_3&#8243; use_custom_gutter=&#187;on&#187; gutter_width=&#187;2&#8243; _builder_version=&#187;3.25&#8243; max_width=&#187;1280px&#187; use_custom_width=&#187;on&#187; custom_width_px=&#187;1280px&#187;][et_pb_column type=&#187;1_3&#8243; _builder_version=&#187;3.0.47&#8243; custom_padding=&#187;|||&#187; custom_padding__hover=&#187;|||&#187;][et_pb_blurb title=&#187;Gestor\u00eda &#038; Asesor\u00eda&#187; image=&#187;https:\/\/lamarconsulting.es\/wp-content\/uploads\/2020\/06\/ico-asesoria.jpg&#187; icon_placement=&#187;left&#187; image_max_width=&#187;100px&#187; content_max_width=&#187;1100px&#187; image_max_width_tablet=&#187;&#187; image_max_width_phone=&#187;50px&#187; image_max_width_last_edited=&#187;on|phone&#187; _builder_version=&#187;4.4.8&#8243; header_font=&#187;|600|||||||&#187; header_font_size=&#187;18px&#187; header_line_height=&#187;1.6em&#187; body_font=&#187;||||||||&#187; body_font_size=&#187;15px&#187; body_line_height=&#187;2em&#187; custom_padding=&#187;|||24px&#187; custom_padding_tablet=&#187;&#187; custom_padding_phone=&#187;|||4px&#187; custom_padding_last_edited=&#187;on|phone&#187; animation_style=&#187;fold&#187; animation_direction=&#187;left&#187; animation_intensity_fold=&#187;10%&#187; animation=&#187;off&#187; header_font_size_tablet=&#187;&#187; header_font_size_phone=&#187;15px&#187; header_font_size_last_edited=&#187;on|phone&#187; body_line_height_tablet=&#187;&#187; body_line_height_phone=&#187;1.6em&#187; body_line_height_last_edited=&#187;on|phone&#187; border_color_all=&#187;rgba(0,0,0,0.18)&#187; border_style_all=&#187;dotted&#187; border_width_left=&#187;2px&#187;] Tramitaci\u00f3n y gesti\u00f3n de todo [&hellip;]<\/p>\n","protected":false},"author":1,"featured_media":0,"parent":0,"menu_order":0,"comment_status":"closed","ping_status":"closed","template":"","meta":{"_et_pb_use_builder":"on","_et_pb_old_content":"","_et_gb_content_width":"","footnotes":""},"class_list":["post-3921","page","type-page","status-publish","hentry"],"_links":{"self":[{"href":"https:\/\/lamarconsulting.es\/ru\/wp-json\/wp\/v2\/pages\/3921","targetHints":{"allow":["GET"]}}],"collection":[{"href":"https:\/\/lamarconsulting.es\/ru\/wp-json\/wp\/v2\/pages"}],"about":[{"href":"https:\/\/lamarconsulting.es\/ru\/wp-json\/wp\/v2\/types\/page"}],"author":[{"embeddable":true,"href":"https:\/\/lamarconsulting.es\/ru\/wp-json\/wp\/v2\/users\/1"}],"replies":[{"embeddable":true,"href":"https:\/\/lamarconsulting.es\/ru\/wp-json\/wp\/v2\/comments?post=3921"}],"version-history":[{"count":1,"href":"https:\/\/lamarconsulting.es\/ru\/wp-json\/wp\/v2\/pages\/3921\/revisions"}],"predecessor-version":[{"id":4023,"href":"https:\/\/lamarconsulting.es\/ru\/wp-json\/wp\/v2\/pages\/3921\/revisions\/4023"}],"wp:attachment":[{"href":"https:\/\/lamarconsulting.es\/ru\/wp-json\/wp\/v2\/media?parent=3921"}],"curies":[{"name":"wp","href":"https:\/\/api.w.org\/{rel}","templated":true}]}}